{"id":2808,"date":"2025-08-19T11:24:24","date_gmt":"2025-08-19T02:24:24","guid":{"rendered":"https:\/\/www.protectmedicaldata.org\/contact-us\/"},"modified":"2026-04-13T10:56:12","modified_gmt":"2026-04-13T01:56:12","slug":"contact-us","status":"publish","type":"page","link":"https:\/\/www.protectmedicaldata.org\/es\/contact-us\/","title":{"rendered":"Contact Us"},"content":{"rendered":"\t\t<div data-elementor-type=\"wp-page\" data-elementor-id=\"2808\" class=\"elementor elementor-2808 elementor-681\" data-elementor-post-type=\"page\">\n\t\t\t\t<div class=\"elementor-element elementor-element-963d93b e-flex e-con-boxed e-con e-parent\" data-id=\"963d93b\" data-element_type=\"container\" data-e-type=\"container\">\n\t\t\t\t\t<div class=\"e-con-inner\">\n\t\t\t\t<div class=\"elementor-element elementor-element-63abb71 elementor-widget elementor-widget-heading\" data-id=\"63abb71\" data-element_type=\"widget\" data-e-type=\"widget\" data-widget_type=\"heading.default\">\n\t\t\t\t\t<h2 class=\"elementor-heading-title elementor-size-default\">Cont\u00e1ctenos<\/h2>\t\t\t\t<\/div>\n\t\t\t\t\t<\/div>\n\t\t\t\t<\/div>\n\t\t<div class=\"elementor-element elementor-element-180fe60 e-flex e-con-boxed e-con e-parent\" data-id=\"180fe60\" data-element_type=\"container\" data-e-type=\"container\">\n\t\t\t\t\t<div class=\"e-con-inner\">\n\t\t<div class=\"elementor-element elementor-element-c8b86d6 e-con-full e-flex e-con e-child\" data-id=\"c8b86d6\" data-element_type=\"container\" data-e-type=\"container\" data-settings=\"{&quot;background_background&quot;:&quot;classic&quot;}\">\n\t\t\t\t<div class=\"elementor-element elementor-element-f6b6bbb elementor-widget elementor-widget-text-editor\" data-id=\"f6b6bbb\" data-element_type=\"widget\" data-e-type=\"widget\" data-widget_type=\"text-editor.default\">\n\t\t\t\t\t\t\t\t\t<p>Consulte los recursos p\u00fablicos o las preguntas frecuentes antes de realizar una consulta.<\/p><ul><li>ProtectMedicalData.org ayuda a los hospitales peque\u00f1os y medianos y a las instituciones m\u00e9dicas no hospitalarias que son vulnerables a las amenazas de ciberseguridad a adoptar tecnolog\u00edas de protecci\u00f3n de datos. <\/li><li>ProtectMedicalData.org proporciona licencias exclusivamente a instituciones m\u00e9dicas, mientras que las organizaciones de apoyo ofrecen programas de instalaci\u00f3n y formaci\u00f3n sobre protecci\u00f3n del almacenamiento a peque\u00f1os hospitales con capacidades inform\u00e1ticas limitadas.<\/li><\/ul>\t\t\t\t\t\t\t\t<\/div>\n\t\t\t\t<\/div>\n\t\t<div class=\"elementor-element elementor-element-9c92229 e-con-full e-flex e-con e-child\" data-id=\"9c92229\" data-element_type=\"container\" data-e-type=\"container\">\n\t\t\t\t<div class=\"elementor-element elementor-element-ddd560e elementor-button-align-stretch elementor-widget elementor-widget-form\" data-id=\"ddd560e\" data-element_type=\"widget\" data-e-type=\"widget\" data-settings=\"{&quot;step_next_label&quot;:&quot;Next&quot;,&quot;step_previous_label&quot;:&quot;Previous&quot;,&quot;button_width&quot;:&quot;100&quot;,&quot;step_type&quot;:&quot;number_text&quot;,&quot;step_icon_shape&quot;:&quot;circle&quot;}\" data-widget_type=\"form.default\">\n\t\t\t\t\t\t\t<form class=\"elementor-form\" method=\"post\" name=\"Formulario de consulta\" aria-label=\"Formulario de consulta\">\n\t\t\t<input type=\"hidden\" name=\"post_id\" value=\"2808\"\/>\n\t\t\t<input type=\"hidden\" name=\"form_id\" value=\"ddd560e\"\/>\n\t\t\t<input type=\"hidden\" name=\"referer_title\" value=\"Contact Us - Protect Medical Data\" \/>\n\n\t\t\t\t\t\t\t<input type=\"hidden\" name=\"queried_id\" value=\"2808\"\/>\n\t\t\t\n\t\t\t<div class=\"elementor-form-fields-wrapper elementor-labels-above\">\n\t\t\t\t\t\t\t\t<div class=\"elementor-field-type-email elementor-field-group elementor-column elementor-field-group-email elementor-col-100 elementor-field-required elementor-mark-required\">\n\t\t\t\t\t\t\t\t\t\t\t\t<label for=\"form-field-email\" class=\"elementor-field-label\">\n\t\t\t\t\t\t\t\tDirecci\u00f3n de correo electr\u00f3nico\t\t\t\t\t\t\t<\/label>\n\t\t\t\t\t\t\t\t\t\t\t\t\t\t<input size=\"1\" type=\"email\" name=\"form_fields[email]\" id=\"form-field-email\" class=\"elementor-field elementor-size-sm  elementor-field-textual\" required=\"required\">\n\t\t\t\t\t\t\t\t\t\t\t<\/div>\n\t\t\t\t\t\t\t\t<div class=\"elementor-field-type-text elementor-field-group elementor-column elementor-field-group-field_07525a4 elementor-col-50 elementor-field-required elementor-mark-required\">\n\t\t\t\t\t\t\t\t\t\t\t\t<label for=\"form-field-field_07525a4\" class=\"elementor-field-label\">\n\t\t\t\t\t\t\t\tApellidos\t\t\t\t\t\t\t<\/label>\n\t\t\t\t\t\t\t\t\t\t\t\t\t\t<input size=\"1\" type=\"text\" name=\"form_fields[field_07525a4]\" id=\"form-field-field_07525a4\" class=\"elementor-field elementor-size-sm  elementor-field-textual\" required=\"required\">\n\t\t\t\t\t\t\t\t\t\t\t<\/div>\n\t\t\t\t\t\t\t\t<div class=\"elementor-field-type-text elementor-field-group elementor-column elementor-field-group-name elementor-col-50 elementor-field-required elementor-mark-required\">\n\t\t\t\t\t\t\t\t\t\t\t\t<label for=\"form-field-name\" class=\"elementor-field-label\">\n\t\t\t\t\t\t\t\tNombre\t\t\t\t\t\t\t<\/label>\n\t\t\t\t\t\t\t\t\t\t\t\t\t\t<input size=\"1\" type=\"text\" name=\"form_fields[name]\" id=\"form-field-name\" class=\"elementor-field elementor-size-sm  elementor-field-textual\" required=\"required\">\n\t\t\t\t\t\t\t\t\t\t\t<\/div>\n\t\t\t\t\t\t\t\t<div class=\"elementor-field-type-tel elementor-field-group elementor-column elementor-field-group-field_05b7f95 elementor-col-100 elementor-field-required elementor-mark-required\">\n\t\t\t\t\t\t\t\t\t\t\t\t<label for=\"form-field-field_05b7f95\" class=\"elementor-field-label\">\n\t\t\t\t\t\t\t\tN\u00famero de tel\u00e9fono\t\t\t\t\t\t\t<\/label>\n\t\t\t\t\t\t\t\t<input size=\"1\" type=\"tel\" name=\"form_fields[field_05b7f95]\" id=\"form-field-field_05b7f95\" class=\"elementor-field elementor-size-sm  elementor-field-textual\" required=\"required\" pattern=\"[0-9()#&amp;+*-=.]+\" title=\"Solo se aceptan n\u00fameros y caracteres de tel\u00e9fono (#,-,*,etc).\">\n\n\t\t\t\t\t\t<\/div>\n\t\t\t\t\t\t\t\t<div class=\"elementor-field-type-textarea elementor-field-group elementor-column elementor-field-group-message elementor-col-100 elementor-field-required elementor-mark-required\">\n\t\t\t\t\t\t\t\t\t\t\t\t<label for=\"form-field-message\" class=\"elementor-field-label\">\n\t\t\t\t\t\t\t\tComentario\t\t\t\t\t\t\t<\/label>\n\t\t\t\t\t\t<textarea class=\"elementor-field-textual elementor-field  elementor-size-sm\" name=\"form_fields[message]\" id=\"form-field-message\" rows=\"4\" required=\"required\"><\/textarea>\t\t\t\t<\/div>\n\t\t\t\t\t\t\t\t<div class=\"elementor-field-type-recaptcha_v3 elementor-field-group elementor-column elementor-field-group-field_df2a610 elementor-col-100 recaptcha_v3-bottomright\">\n\t\t\t\t\t<div class=\"elementor-field\" id=\"form-field-field_df2a610\"><div class=\"elementor-g-recaptcha\" data-sitekey=\"6LdjOvUrAAAAAOPZj0hCItD9KJxlQ0SUGJba_uQ8\" data-type=\"v3\" data-action=\"Form\" data-badge=\"bottomright\" data-size=\"invisible\"><\/div><\/div>\t\t\t\t<\/div>\n\t\t\t\t\t\t\t\t<div class=\"elementor-field-type-text\">\n\t\t\t\t\t<input size=\"1\" type=\"text\" name=\"form_fields[xcndgu1679]\" id=\"form-field-xcndgu1679\" class=\"elementor-field elementor-size-sm \" style=\"display:none !important;\">\t\t\t\t<\/div>\n\t\t\t\t\t\t\t\t<div class=\"elementor-field-group elementor-column elementor-field-type-submit elementor-col-100 e-form__buttons\">\n\t\t\t\t\t<button class=\"elementor-button elementor-size-sm\" type=\"submit\">\n\t\t\t\t\t\t<span class=\"elementor-button-content-wrapper\">\n\t\t\t\t\t\t\t\t\t\t\t\t\t\t\t\t\t\t\t\t\t\t<span class=\"elementor-button-text\">Submit<\/span>\n\t\t\t\t\t\t\t\t\t\t\t\t\t<\/span>\n\t\t\t\t\t<\/button>\n\t\t\t\t<\/div>\n\t\t\t<\/div>\n\t\t<\/form>\n\t\t\t\t\t\t<\/div>\n\t\t\t\t<\/div>\n\t\t\t\t\t<\/div>\n\t\t\t\t<\/div>\n\t\t\t\t<\/div>\n\t\t","protected":false},"excerpt":{"rendered":"<p>Cont\u00e1ctenos Consulte los recursos p\u00fablicos o las preguntas frecuentes antes de realizar una consulta. ProtectMedicalData.org ayuda a los hospitales peque\u00f1os y medianos y a las instituciones m\u00e9dicas no hospitalarias que son vulnerables a las amenazas de ciberseguridad a adoptar tecnolog\u00edas de protecci\u00f3n de datos. ProtectMedicalData.org proporciona licencias exclusivamente a instituciones m\u00e9dicas, mientras que las organizaciones [&hellip;]<\/p>\n","protected":false},"author":4,"featured_media":0,"parent":0,"menu_order":50,"comment_status":"closed","ping_status":"closed","template":"","meta":{"footnotes":""},"class_list":["post-2808","page","type-page","status-publish","hentry"],"yoast_head":"<!-- This site is optimized with the Yoast SEO plugin v27.4 - https:\/\/yoast.com\/product\/yoast-seo-wordpress\/ -->\n<title>Contact Us - Protect Medical Data<\/title>\n<meta name=\"robots\" content=\"index, follow, max-snippet:-1, max-image-preview:large, max-video-preview:-1\" \/>\n<link rel=\"canonical\" href=\"https:\/\/www.protectmedicaldata.org\/es\/contact-us\/\" \/>\n<meta property=\"og:locale\" content=\"es_ES\" \/>\n<meta property=\"og:type\" content=\"article\" \/>\n<meta property=\"og:title\" content=\"Contact Us - Protect Medical Data\" \/>\n<meta property=\"og:description\" content=\"Cont\u00e1ctenos Consulte los recursos p\u00fablicos o las preguntas frecuentes antes de realizar una consulta. ProtectMedicalData.org ayuda a los hospitales peque\u00f1os y medianos y a las instituciones m\u00e9dicas no hospitalarias que son vulnerables a las amenazas de ciberseguridad a adoptar tecnolog\u00edas de protecci\u00f3n de datos. ProtectMedicalData.org proporciona licencias exclusivamente a instituciones m\u00e9dicas, mientras que las organizaciones [&hellip;]\" \/>\n<meta property=\"og:url\" content=\"https:\/\/www.protectmedicaldata.org\/es\/contact-us\/\" \/>\n<meta property=\"og:site_name\" content=\"Protect Medical Data\" \/>\n<meta property=\"article:modified_time\" content=\"2026-04-13T01:56:12+00:00\" \/>\n<meta name=\"twitter:card\" content=\"summary_large_image\" \/>\n<meta name=\"twitter:label1\" content=\"Tiempo de lectura\" \/>\n\t<meta name=\"twitter:data1\" content=\"1 minuto\" \/>\n<script type=\"application\/ld+json\" class=\"yoast-schema-graph\">{\"@context\":\"https:\\\/\\\/schema.org\",\"@graph\":[{\"@type\":\"WebPage\",\"@id\":\"https:\\\/\\\/www.protectmedicaldata.org\\\/es\\\/contact-us\\\/\",\"url\":\"https:\\\/\\\/www.protectmedicaldata.org\\\/es\\\/contact-us\\\/\",\"name\":\"Contact Us - Protect Medical Data\",\"isPartOf\":{\"@id\":\"https:\\\/\\\/www.protectmedicaldata.org\\\/en\\\/#website\"},\"datePublished\":\"2025-08-19T02:24:24+00:00\",\"dateModified\":\"2026-04-13T01:56:12+00:00\",\"breadcrumb\":{\"@id\":\"https:\\\/\\\/www.protectmedicaldata.org\\\/es\\\/contact-us\\\/#breadcrumb\"},\"inLanguage\":\"es\",\"potentialAction\":[{\"@type\":\"ReadAction\",\"target\":[\"https:\\\/\\\/www.protectmedicaldata.org\\\/es\\\/contact-us\\\/\"]}]},{\"@type\":\"BreadcrumbList\",\"@id\":\"https:\\\/\\\/www.protectmedicaldata.org\\\/es\\\/contact-us\\\/#breadcrumb\",\"itemListElement\":[{\"@type\":\"ListItem\",\"position\":1,\"name\":\"\ud648\",\"item\":\"https:\\\/\\\/www.protectmedicaldata.org\\\/es\\\/protecting-medical-data-is-protecting-lives\\\/\"},{\"@type\":\"ListItem\",\"position\":2,\"name\":\"Contact Us\"}]},{\"@type\":\"WebSite\",\"@id\":\"https:\\\/\\\/www.protectmedicaldata.org\\\/en\\\/#website\",\"url\":\"https:\\\/\\\/www.protectmedicaldata.org\\\/en\\\/\",\"name\":\"protectmedicaldata\",\"description\":\"Protect medical data with Storage Protection\",\"publisher\":{\"@id\":\"https:\\\/\\\/www.protectmedicaldata.org\\\/en\\\/#organization\"},\"potentialAction\":[{\"@type\":\"SearchAction\",\"target\":{\"@type\":\"EntryPoint\",\"urlTemplate\":\"https:\\\/\\\/www.protectmedicaldata.org\\\/en\\\/?s={search_term_string}\"},\"query-input\":{\"@type\":\"PropertyValueSpecification\",\"valueRequired\":true,\"valueName\":\"search_term_string\"}}],\"inLanguage\":\"es\"},{\"@type\":\"Organization\",\"@id\":\"https:\\\/\\\/www.protectmedicaldata.org\\\/en\\\/#organization\",\"name\":\"protectmedicaldata\",\"url\":\"https:\\\/\\\/www.protectmedicaldata.org\\\/en\\\/\",\"logo\":{\"@type\":\"ImageObject\",\"inLanguage\":\"es\",\"@id\":\"https:\\\/\\\/www.protectmedicaldata.org\\\/en\\\/#\\\/schema\\\/logo\\\/image\\\/\",\"url\":\"https:\\\/\\\/www.protectmedicaldata.org\\\/wp-content\\\/uploads\\\/2025\\\/08\\\/pmd_web_logo.png\",\"contentUrl\":\"https:\\\/\\\/www.protectmedicaldata.org\\\/wp-content\\\/uploads\\\/2025\\\/08\\\/pmd_web_logo.png\",\"width\":456,\"height\":277,\"caption\":\"protectmedicaldata\"},\"image\":{\"@id\":\"https:\\\/\\\/www.protectmedicaldata.org\\\/en\\\/#\\\/schema\\\/logo\\\/image\\\/\"}}]}<\/script>\n<!-- \/ Yoast SEO plugin. -->","yoast_head_json":{"title":"Contact Us - Protect Medical Data","robots":{"index":"index","follow":"follow","max-snippet":"max-snippet:-1","max-image-preview":"max-image-preview:large","max-video-preview":"max-video-preview:-1"},"canonical":"https:\/\/www.protectmedicaldata.org\/es\/contact-us\/","og_locale":"es_ES","og_type":"article","og_title":"Contact Us - Protect Medical Data","og_description":"Cont\u00e1ctenos Consulte los recursos p\u00fablicos o las preguntas frecuentes antes de realizar una consulta. ProtectMedicalData.org ayuda a los hospitales peque\u00f1os y medianos y a las instituciones m\u00e9dicas no hospitalarias que son vulnerables a las amenazas de ciberseguridad a adoptar tecnolog\u00edas de protecci\u00f3n de datos. ProtectMedicalData.org proporciona licencias exclusivamente a instituciones m\u00e9dicas, mientras que las organizaciones [&hellip;]","og_url":"https:\/\/www.protectmedicaldata.org\/es\/contact-us\/","og_site_name":"Protect Medical Data","article_modified_time":"2026-04-13T01:56:12+00:00","twitter_card":"summary_large_image","twitter_misc":{"Tiempo de lectura":"1 minuto"},"schema":{"@context":"https:\/\/schema.org","@graph":[{"@type":"WebPage","@id":"https:\/\/www.protectmedicaldata.org\/es\/contact-us\/","url":"https:\/\/www.protectmedicaldata.org\/es\/contact-us\/","name":"Contact Us - Protect Medical Data","isPartOf":{"@id":"https:\/\/www.protectmedicaldata.org\/en\/#website"},"datePublished":"2025-08-19T02:24:24+00:00","dateModified":"2026-04-13T01:56:12+00:00","breadcrumb":{"@id":"https:\/\/www.protectmedicaldata.org\/es\/contact-us\/#breadcrumb"},"inLanguage":"es","potentialAction":[{"@type":"ReadAction","target":["https:\/\/www.protectmedicaldata.org\/es\/contact-us\/"]}]},{"@type":"BreadcrumbList","@id":"https:\/\/www.protectmedicaldata.org\/es\/contact-us\/#breadcrumb","itemListElement":[{"@type":"ListItem","position":1,"name":"\ud648","item":"https:\/\/www.protectmedicaldata.org\/es\/protecting-medical-data-is-protecting-lives\/"},{"@type":"ListItem","position":2,"name":"Contact Us"}]},{"@type":"WebSite","@id":"https:\/\/www.protectmedicaldata.org\/en\/#website","url":"https:\/\/www.protectmedicaldata.org\/en\/","name":"protectmedicaldata","description":"Protect medical data with Storage Protection","publisher":{"@id":"https:\/\/www.protectmedicaldata.org\/en\/#organization"},"potentialAction":[{"@type":"SearchAction","target":{"@type":"EntryPoint","urlTemplate":"https:\/\/www.protectmedicaldata.org\/en\/?s={search_term_string}"},"query-input":{"@type":"PropertyValueSpecification","valueRequired":true,"valueName":"search_term_string"}}],"inLanguage":"es"},{"@type":"Organization","@id":"https:\/\/www.protectmedicaldata.org\/en\/#organization","name":"protectmedicaldata","url":"https:\/\/www.protectmedicaldata.org\/en\/","logo":{"@type":"ImageObject","inLanguage":"es","@id":"https:\/\/www.protectmedicaldata.org\/en\/#\/schema\/logo\/image\/","url":"https:\/\/www.protectmedicaldata.org\/wp-content\/uploads\/2025\/08\/pmd_web_logo.png","contentUrl":"https:\/\/www.protectmedicaldata.org\/wp-content\/uploads\/2025\/08\/pmd_web_logo.png","width":456,"height":277,"caption":"protectmedicaldata"},"image":{"@id":"https:\/\/www.protectmedicaldata.org\/en\/#\/schema\/logo\/image\/"}}]}},"jetpack_sharing_enabled":true,"_links":{"self":[{"href":"https:\/\/www.protectmedicaldata.org\/es\/wp-json\/wp\/v2\/pages\/2808","targetHints":{"allow":["GET"]}}],"collection":[{"href":"https:\/\/www.protectmedicaldata.org\/es\/wp-json\/wp\/v2\/pages"}],"about":[{"href":"https:\/\/www.protectmedicaldata.org\/es\/wp-json\/wp\/v2\/types\/page"}],"author":[{"embeddable":true,"href":"https:\/\/www.protectmedicaldata.org\/es\/wp-json\/wp\/v2\/users\/4"}],"replies":[{"embeddable":true,"href":"https:\/\/www.protectmedicaldata.org\/es\/wp-json\/wp\/v2\/comments?post=2808"}],"version-history":[{"count":10,"href":"https:\/\/www.protectmedicaldata.org\/es\/wp-json\/wp\/v2\/pages\/2808\/revisions"}],"predecessor-version":[{"id":3050,"href":"https:\/\/www.protectmedicaldata.org\/es\/wp-json\/wp\/v2\/pages\/2808\/revisions\/3050"}],"wp:attachment":[{"href":"https:\/\/www.protectmedicaldata.org\/es\/wp-json\/wp\/v2\/media?parent=2808"}],"curies":[{"name":"wp","href":"https:\/\/api.w.org\/{rel}","templated":true}]}}