{"id":2982,"date":"2025-08-18T00:33:58","date_gmt":"2025-08-17T15:33:58","guid":{"rendered":"https:\/\/www.protectmedicaldata.org\/about\/"},"modified":"2025-12-11T18:07:22","modified_gmt":"2025-12-11T09:07:22","slug":"about","status":"publish","type":"page","link":"https:\/\/www.protectmedicaldata.org\/es\/about\/","title":{"rendered":"About"},"content":{"rendered":"\t\t<div data-elementor-type=\"wp-page\" data-elementor-id=\"2982\" class=\"elementor elementor-2982 elementor-40\" data-elementor-post-type=\"page\">\n\t\t\t\t<div class=\"elementor-element elementor-element-b3cd746 e-flex e-con-boxed e-con e-parent\" data-id=\"b3cd746\" data-element_type=\"container\" data-e-type=\"container\">\n\t\t\t\t\t<div class=\"e-con-inner\">\n\t\t<div class=\"elementor-element elementor-element-4e8198d e-con-full e-flex e-con e-child\" data-id=\"4e8198d\" data-element_type=\"container\" data-e-type=\"container\">\n\t\t\t\t<div class=\"elementor-element elementor-element-015ea80 elementor-widget elementor-widget-heading\" data-id=\"015ea80\" data-element_type=\"widget\" data-e-type=\"widget\" data-widget_type=\"heading.default\">\n\t\t\t\t\t<h2 class=\"elementor-heading-title elementor-size-default\">Who we are<\/h2>\t\t\t\t<\/div>\n\t\t\t\t<\/div>\n\t\t<div class=\"elementor-element elementor-element-d417e2a e-con-full e-flex e-con e-child\" data-id=\"d417e2a\" data-element_type=\"container\" data-e-type=\"container\">\n\t\t\t\t<div class=\"elementor-element elementor-element-186b94b elementor-widget elementor-widget-image\" data-id=\"186b94b\" data-element_type=\"widget\" data-e-type=\"widget\" data-widget_type=\"image.default\">\n\t\t\t\t\t\t\t\t\t\t\t\t\t\t\t<img fetchpriority=\"high\" decoding=\"async\" width=\"300\" height=\"182\" src=\"https:\/\/www.protectmedicaldata.org\/wp-content\/uploads\/2025\/08\/pmd_web_logo-300x182.png\" class=\"attachment-medium size-medium wp-image-36\" alt=\"\" srcset=\"https:\/\/www.protectmedicaldata.org\/wp-content\/uploads\/2025\/08\/pmd_web_logo-300x182.png 300w, https:\/\/www.protectmedicaldata.org\/wp-content\/uploads\/2025\/08\/pmd_web_logo.png 456w\" sizes=\"(max-width: 300px) 100vw, 300px\" \/>\t\t\t\t\t\t\t\t\t\t\t\t\t\t\t<\/div>\n\t\t\t\t<\/div>\n\t\t<div class=\"elementor-element elementor-element-f1f4292 e-con-full e-flex e-con e-child\" data-id=\"f1f4292\" data-element_type=\"container\" data-e-type=\"container\">\n\t\t\t\t<div class=\"elementor-element elementor-element-d6428ef elementor-widget elementor-widget-heading\" data-id=\"d6428ef\" data-element_type=\"widget\" data-e-type=\"widget\" data-widget_type=\"heading.default\">\n\t\t\t\t\t<h3 class=\"elementor-heading-title elementor-size-default\">Acerca de ProtectMedicalData.org<\/h3>\t\t\t\t<\/div>\n\t\t\t\t<div class=\"elementor-element elementor-element-74cbf43 elementor-widget elementor-widget-text-editor\" data-id=\"74cbf43\" data-element_type=\"widget\" data-e-type=\"widget\" data-widget_type=\"text-editor.default\">\n\t\t\t\t\t\t\t\t\t<p>ProtectMedicalData.org es una iniciativa sin \u00e1nimo de lucro creada para proteger los valiosos datos m\u00e9dicos de la creciente amenaza global que suponen los ataques de ransomware y robo de datos dirigidos a las organizaciones sanitarias.<\/p><p>Apoya espec\u00edficamente a los hospitales peque\u00f1os y medianos y a los proveedores de atenci\u00f3n sanitaria no hospitalarios, que a menudo son vulnerables a las amenazas de ciberseguridad, permiti\u00e9ndoles utilizar tecnolog\u00edas de protecci\u00f3n de datos basadas en normas internacionales. Esto contribuye a garantizar que los datos m\u00e9dicos permanezcan seguros frente a los ataques de piratas inform\u00e1ticos o software malicioso.<\/p><p>Apoya a las organizaciones sanitarias peque\u00f1as y medianas que tienen dificultades para adoptar sistemas de informaci\u00f3n m\u00e9dica basados en la nube debido a limitaciones presupuestarias y de personal, proporcionando soluciones de protecci\u00f3n de datos y formaci\u00f3n para permitir una protecci\u00f3n eficaz de los datos incluso en entornos locales.<\/p><p>En esta iniciativa participan expertos en seguridad de la informaci\u00f3n que encabezaron el desarrollo de las normas internacionales de protecci\u00f3n de datos ITU-T X.1220 y X.nspam, junto con empresas de desarrollo de software, instituciones educativas de TIC, proveedores de servicios gestionados (MSP) y proveedores de almacenamiento. Su objetivo es proteger los datos m\u00e9dicos mediante asociaciones con asociaciones m\u00e9dicas, autoridades sanitarias y organizaciones internacionales.<\/p>\t\t\t\t\t\t\t\t<\/div>\n\t\t\t\t<\/div>\n\t\t\t\t\t<\/div>\n\t\t\t\t<\/div>\n\t\t<div class=\"elementor-element elementor-element-fff39a4 e-flex e-con-boxed e-con e-parent\" data-id=\"fff39a4\" data-element_type=\"container\" data-e-type=\"container\">\n\t\t\t\t\t<div class=\"e-con-inner\">\n\t\t<div class=\"elementor-element elementor-element-72708be e-con-full e-flex e-con e-child\" data-id=\"72708be\" data-element_type=\"container\" data-e-type=\"container\">\n\t\t\t\t<div class=\"elementor-element elementor-element-d56412b elementor-widget elementor-widget-heading\" data-id=\"d56412b\" data-element_type=\"widget\" data-e-type=\"widget\" data-widget_type=\"heading.default\">\n\t\t\t\t\t<h2 class=\"elementor-heading-title elementor-size-default\">What we do\n<\/h2>\t\t\t\t<\/div>\n\t\t\t\t<\/div>\n\t\t<div class=\"elementor-element elementor-element-fe20277 e-con-full e-flex e-con e-child\" data-id=\"fe20277\" data-element_type=\"container\" data-e-type=\"container\">\n\t\t\t\t<div class=\"elementor-element elementor-element-cfdaebb elementor-widget elementor-widget-heading\" data-id=\"cfdaebb\" data-element_type=\"widget\" data-e-type=\"widget\" data-widget_type=\"heading.default\">\n\t\t\t\t\t<h3 class=\"elementor-heading-title elementor-size-default\">Proteger los datos m\u00e9dicos es proteger vidas<\/h3>\t\t\t\t<\/div>\n\t\t\t\t<div class=\"elementor-element elementor-element-f407418 elementor-widget elementor-widget-text-editor\" data-id=\"f407418\" data-element_type=\"widget\" data-e-type=\"widget\" data-widget_type=\"text-editor.default\">\n\t\t\t\t\t\t\t\t\t<ul><li>Distribuci\u00f3n gratuita de software de protecci\u00f3n de datos normalizado internacionalmente a instituciones sanitarias<\/li><li style=\"font-size: 18px;\">Formaci\u00f3n en el uso de software de protecci\u00f3n del almacenamiento <\/li><li>Asistencia t\u00e9cnica a instituciones sanitarias mediante la colaboraci\u00f3n con organizaciones de apoyo, como talleres de reparaci\u00f3n de ordenadores y MSP.<\/li><li style=\"font-size: 18px;\">Apoyo a la formaci\u00f3n en protecci\u00f3n de datos sanitarios mediante la colaboraci\u00f3n con instituciones educativas, organismos gubernamentales y organizaciones internacionales.<\/li><li>Provisi\u00f3n de directrices de prevenci\u00f3n y respuesta ante el ransomware a hospitales peque\u00f1os y medianos mediante la colaboraci\u00f3n con asociaciones m\u00e9dicas y autoridades reguladoras.<\/li><\/ul>\t\t\t\t\t\t\t\t<\/div>\n\t\t\t\t<\/div>\n\t\t<div class=\"elementor-element elementor-element-aa57c81 e-con-full e-flex e-con e-child\" data-id=\"aa57c81\" data-element_type=\"container\" data-e-type=\"container\">\n\t\t\t\t<div class=\"elementor-element elementor-element-ef585d2 elementor-widget elementor-widget-image\" data-id=\"ef585d2\" data-element_type=\"widget\" data-e-type=\"widget\" data-widget_type=\"image.default\">\n\t\t\t\t\t\t\t\t\t\t\t\t\t\t\t<img decoding=\"async\" width=\"768\" height=\"538\" src=\"https:\/\/www.protectmedicaldata.org\/wp-content\/uploads\/2025\/09\/pmd_about_shield1.jpg\" class=\"attachment-medium_large size-medium_large wp-image-2983\" alt=\"\" srcset=\"https:\/\/www.protectmedicaldata.org\/wp-content\/uploads\/2025\/09\/pmd_about_shield1.jpg 768w, https:\/\/www.protectmedicaldata.org\/wp-content\/uploads\/2025\/09\/pmd_about_shield1-300x210.jpg 300w\" sizes=\"(max-width: 768px) 100vw, 768px\" \/>\t\t\t\t\t\t\t\t\t\t\t\t\t\t\t<\/div>\n\t\t\t\t<\/div>\n\t\t\t\t\t<\/div>\n\t\t\t\t<\/div>\n\t\t<div class=\"elementor-element elementor-element-e43ea80 e-flex e-con-boxed e-con e-parent\" data-id=\"e43ea80\" data-element_type=\"container\" data-e-type=\"container\">\n\t\t\t\t\t<div class=\"e-con-inner\">\n\t\t<div class=\"elementor-element elementor-element-2a7e037 e-con-full e-flex e-con e-child\" data-id=\"2a7e037\" data-element_type=\"container\" data-e-type=\"container\">\n\t\t\t\t<div class=\"elementor-element elementor-element-c2f0a61 elementor-widget elementor-widget-heading\" data-id=\"c2f0a61\" data-element_type=\"widget\" data-e-type=\"widget\" data-widget_type=\"heading.default\">\n\t\t\t\t\t<h2 class=\"elementor-heading-title elementor-size-default\">Organizaciones participantes<\/h2>\t\t\t\t<\/div>\n\t\t\t\t<\/div>\n\t\t<div class=\"elementor-element elementor-element-d705443 e-con-full e-flex e-con e-child\" data-id=\"d705443\" data-element_type=\"container\" data-e-type=\"container\">\n\t\t\t\t<div class=\"elementor-element elementor-element-1d23db0 elementor-widget elementor-widget-heading\" data-id=\"1d23db0\" data-element_type=\"widget\" data-e-type=\"widget\" data-widget_type=\"heading.default\">\n\t\t\t\t\t<h4 class=\"elementor-heading-title elementor-size-default\">Instituciones sanitarias<\/h4>\t\t\t\t<\/div>\n\t\t\t\t<div class=\"elementor-element elementor-element-0e405b0 elementor-widget elementor-widget-text-editor\" data-id=\"0e405b0\" data-element_type=\"widget\" data-e-type=\"widget\" data-widget_type=\"text-editor.default\">\n\t\t\t\t\t\t\t\t\t<ul><li>Hospitales peque\u00f1os y medianos e instalaciones sanitarias no hospitalarias.<\/li><\/ul>\t\t\t\t\t\t\t\t<\/div>\n\t\t\t\t<\/div>\n\t\t<div class=\"elementor-element elementor-element-fda47f5 e-con-full e-flex e-con e-child\" data-id=\"fda47f5\" data-element_type=\"container\" data-e-type=\"container\">\n\t\t\t\t<div class=\"elementor-element elementor-element-6060964 elementor-widget elementor-widget-heading\" data-id=\"6060964\" data-element_type=\"widget\" data-e-type=\"widget\" data-widget_type=\"heading.default\">\n\t\t\t\t\t<h4 class=\"elementor-heading-title elementor-size-default\">Organizaciones locales<\/h4>\t\t\t\t<\/div>\n\t\t<div class=\"elementor-element elementor-element-f407c39 e-con-full e-flex e-con e-child\" data-id=\"f407c39\" data-element_type=\"container\" data-e-type=\"container\">\n\t\t\t\t<div class=\"elementor-element elementor-element-3035851 elementor-widget__width-initial elementor-widget elementor-widget-text-editor\" data-id=\"3035851\" data-element_type=\"widget\" data-e-type=\"widget\" data-widget_type=\"text-editor.default\">\n\t\t\t\t\t\t\t\t\t<ul><li>Instituciones de formaci\u00f3n en TIC<\/li><li>Talleres de reparaci\u00f3n de ordenadores<\/li><li>MSP<\/li><li>Proveedores de software<\/li><li>Proveedores de hardware<\/li><li>ISP<\/li><\/ul>\t\t\t\t\t\t\t\t<\/div>\n\t\t\t\t<div class=\"elementor-element elementor-element-d73df2d elementor-widget__width-initial elementor-widget elementor-widget-text-editor\" data-id=\"d73df2d\" data-element_type=\"widget\" data-e-type=\"widget\" data-widget_type=\"text-editor.default\">\n\t\t\t\t\t\t\t\t\t<ul><li style=\"font-size: 18px;\">Asociaciones de instituciones m\u00e9dicas.<\/li><li style=\"font-size: 18px;\">Autoridades sanitarias (organismos gubernamentales)<\/li><li>Organizaciones internacionales\/ONG<\/li><\/ul>\t\t\t\t\t\t\t\t<\/div>\n\t\t\t\t<\/div>\n\t\t\t\t<\/div>\n\t\t\t\t\t<\/div>\n\t\t\t\t<\/div>\n\t\t<div class=\"elementor-element elementor-element-4e574ad e-flex e-con-boxed e-con e-parent\" data-id=\"4e574ad\" data-element_type=\"container\" data-e-type=\"container\">\n\t\t\t\t\t<div class=\"e-con-inner\">\n\t\t<div class=\"elementor-element elementor-element-51d787d e-con-full e-flex e-con e-child\" data-id=\"51d787d\" data-element_type=\"container\" data-e-type=\"container\" data-settings=\"{&quot;background_background&quot;:&quot;classic&quot;}\">\n\t\t\t\t<div class=\"elementor-element elementor-element-9b654c7 elementor-widget elementor-widget-heading\" data-id=\"9b654c7\" data-element_type=\"widget\" data-e-type=\"widget\" data-widget_type=\"heading.default\">\n\t\t\t\t\t<h2 class=\"elementor-heading-title elementor-size-default\">Consultas sobre Protect Medical Data<\/h2>\t\t\t\t<\/div>\n\t\t\t\t<div class=\"elementor-element elementor-element-42289d6 elementor-widget elementor-widget-text-editor\" data-id=\"42289d6\" data-element_type=\"widget\" data-e-type=\"widget\" data-widget_type=\"text-editor.default\">\n\t\t\t\t\t\t\t\t\tSi tiene alguna pregunta sobre Protect Medical Data, consulte las preguntas frecuentes o p\u00f3ngase en contacto con nosotros.\n\t\t\t\t\t\t\t\t<\/div>\n\t\t<div class=\"elementor-element elementor-element-c436827 e-con-full e-grid e-con e-child\" data-id=\"c436827\" data-element_type=\"container\" data-e-type=\"container\">\n\t\t\t\t<div class=\"elementor-element elementor-element-1582d96 elementor-align-justify elementor-widget__width-inherit elementor-widget elementor-widget-button\" data-id=\"1582d96\" data-element_type=\"widget\" data-e-type=\"widget\" data-widget_type=\"button.default\">\n\t\t\t\t\t\t\t\t\t\t<a class=\"elementor-button elementor-button-link elementor-size-sm\" href=\"https:\/\/www.protectmedicaldata.org\/es\/contactus\/\">\n\t\t\t\t\t\t<span class=\"elementor-button-content-wrapper\">\n\t\t\t\t\t\t\t\t\t<span class=\"elementor-button-text\">Cont\u00e1ctenos<\/span>\n\t\t\t\t\t<\/span>\n\t\t\t\t\t<\/a>\n\t\t\t\t\t\t\t\t<\/div>\n\t\t\t\t<div class=\"elementor-element elementor-element-f915533 elementor-align-justify elementor-widget__width-inherit elementor-widget elementor-widget-button\" data-id=\"f915533\" data-element_type=\"widget\" data-e-type=\"widget\" data-widget_type=\"button.default\">\n\t\t\t\t\t\t\t\t\t\t<a class=\"elementor-button elementor-button-link elementor-size-sm\" href=\"https:\/\/www.protectmedicaldata.org\/es\/faq\/\">\n\t\t\t\t\t\t<span class=\"elementor-button-content-wrapper\">\n\t\t\t\t\t\t\t\t\t<span class=\"elementor-button-text\">FAQ<\/span>\n\t\t\t\t\t<\/span>\n\t\t\t\t\t<\/a>\n\t\t\t\t\t\t\t\t<\/div>\n\t\t\t\t<\/div>\n\t\t\t\t<\/div>\n\t\t\t\t\t<\/div>\n\t\t\t\t<\/div>\n\t\t\t\t<\/div>\n\t\t","protected":false},"excerpt":{"rendered":"<p>Who we are Acerca de ProtectMedicalData.org ProtectMedicalData.org es una iniciativa sin \u00e1nimo de lucro creada para proteger los valiosos datos m\u00e9dicos de la creciente amenaza global que suponen los ataques de ransomware y robo de datos dirigidos a las organizaciones sanitarias. Apoya espec\u00edficamente a los hospitales peque\u00f1os y medianos y a los proveedores de atenci\u00f3n [&hellip;]<\/p>\n","protected":false},"author":4,"featured_media":0,"parent":0,"menu_order":20,"comment_status":"closed","ping_status":"closed","template":"","meta":{"footnotes":""},"class_list":["post-2982","page","type-page","status-publish","hentry"],"yoast_head":"<!-- This site is optimized with the Yoast SEO plugin v27.4 - https:\/\/yoast.com\/product\/yoast-seo-wordpress\/ -->\n<title>About - Protect Medical Data<\/title>\n<meta name=\"robots\" content=\"index, follow, max-snippet:-1, max-image-preview:large, max-video-preview:-1\" \/>\n<link rel=\"canonical\" href=\"https:\/\/www.protectmedicaldata.org\/es\/about\/\" \/>\n<meta property=\"og:locale\" content=\"es_ES\" \/>\n<meta property=\"og:type\" content=\"article\" \/>\n<meta property=\"og:title\" content=\"About - Protect Medical Data\" \/>\n<meta property=\"og:description\" content=\"Who we are Acerca de ProtectMedicalData.org ProtectMedicalData.org es una iniciativa sin \u00e1nimo de lucro creada para proteger los valiosos datos m\u00e9dicos de la creciente amenaza global que suponen los ataques de ransomware y robo de datos dirigidos a las organizaciones sanitarias. Apoya espec\u00edficamente a los hospitales peque\u00f1os y medianos y a los proveedores de atenci\u00f3n [&hellip;]\" \/>\n<meta property=\"og:url\" content=\"https:\/\/www.protectmedicaldata.org\/es\/about\/\" \/>\n<meta property=\"og:site_name\" content=\"Protect Medical Data\" \/>\n<meta property=\"article:modified_time\" content=\"2025-12-11T09:07:22+00:00\" \/>\n<meta property=\"og:image\" content=\"https:\/\/www.protectmedicaldata.org\/wp-content\/uploads\/2025\/08\/pmd_web_logo.png\" \/>\n\t<meta property=\"og:image:width\" content=\"456\" \/>\n\t<meta property=\"og:image:height\" content=\"277\" \/>\n\t<meta property=\"og:image:type\" content=\"image\/png\" \/>\n<meta name=\"twitter:card\" content=\"summary_large_image\" \/>\n<meta name=\"twitter:label1\" content=\"Tiempo de lectura\" \/>\n\t<meta name=\"twitter:data1\" content=\"2 minutos\" \/>\n<script type=\"application\/ld+json\" class=\"yoast-schema-graph\">{\"@context\":\"https:\\\/\\\/schema.org\",\"@graph\":[{\"@type\":\"WebPage\",\"@id\":\"https:\\\/\\\/www.protectmedicaldata.org\\\/es\\\/about\\\/\",\"url\":\"https:\\\/\\\/www.protectmedicaldata.org\\\/es\\\/about\\\/\",\"name\":\"About - Protect Medical Data\",\"isPartOf\":{\"@id\":\"https:\\\/\\\/www.protectmedicaldata.org\\\/en\\\/#website\"},\"primaryImageOfPage\":{\"@id\":\"https:\\\/\\\/www.protectmedicaldata.org\\\/es\\\/about\\\/#primaryimage\"},\"image\":{\"@id\":\"https:\\\/\\\/www.protectmedicaldata.org\\\/es\\\/about\\\/#primaryimage\"},\"thumbnailUrl\":\"https:\\\/\\\/www.protectmedicaldata.org\\\/wp-content\\\/uploads\\\/2025\\\/08\\\/pmd_web_logo-300x182.png\",\"datePublished\":\"2025-08-17T15:33:58+00:00\",\"dateModified\":\"2025-12-11T09:07:22+00:00\",\"breadcrumb\":{\"@id\":\"https:\\\/\\\/www.protectmedicaldata.org\\\/es\\\/about\\\/#breadcrumb\"},\"inLanguage\":\"es\",\"potentialAction\":[{\"@type\":\"ReadAction\",\"target\":[\"https:\\\/\\\/www.protectmedicaldata.org\\\/es\\\/about\\\/\"]}]},{\"@type\":\"ImageObject\",\"inLanguage\":\"es\",\"@id\":\"https:\\\/\\\/www.protectmedicaldata.org\\\/es\\\/about\\\/#primaryimage\",\"url\":\"https:\\\/\\\/www.protectmedicaldata.org\\\/wp-content\\\/uploads\\\/2025\\\/08\\\/pmd_web_logo-300x182.png\",\"contentUrl\":\"https:\\\/\\\/www.protectmedicaldata.org\\\/wp-content\\\/uploads\\\/2025\\\/08\\\/pmd_web_logo-300x182.png\"},{\"@type\":\"BreadcrumbList\",\"@id\":\"https:\\\/\\\/www.protectmedicaldata.org\\\/es\\\/about\\\/#breadcrumb\",\"itemListElement\":[{\"@type\":\"ListItem\",\"position\":1,\"name\":\"\ud648\",\"item\":\"https:\\\/\\\/www.protectmedicaldata.org\\\/es\\\/protecting-medical-data-is-protecting-lives\\\/\"},{\"@type\":\"ListItem\",\"position\":2,\"name\":\"About\"}]},{\"@type\":\"WebSite\",\"@id\":\"https:\\\/\\\/www.protectmedicaldata.org\\\/en\\\/#website\",\"url\":\"https:\\\/\\\/www.protectmedicaldata.org\\\/en\\\/\",\"name\":\"protectmedicaldata\",\"description\":\"Protect medical data with Storage Protection\",\"publisher\":{\"@id\":\"https:\\\/\\\/www.protectmedicaldata.org\\\/en\\\/#organization\"},\"potentialAction\":[{\"@type\":\"SearchAction\",\"target\":{\"@type\":\"EntryPoint\",\"urlTemplate\":\"https:\\\/\\\/www.protectmedicaldata.org\\\/en\\\/?s={search_term_string}\"},\"query-input\":{\"@type\":\"PropertyValueSpecification\",\"valueRequired\":true,\"valueName\":\"search_term_string\"}}],\"inLanguage\":\"es\"},{\"@type\":\"Organization\",\"@id\":\"https:\\\/\\\/www.protectmedicaldata.org\\\/en\\\/#organization\",\"name\":\"protectmedicaldata\",\"url\":\"https:\\\/\\\/www.protectmedicaldata.org\\\/en\\\/\",\"logo\":{\"@type\":\"ImageObject\",\"inLanguage\":\"es\",\"@id\":\"https:\\\/\\\/www.protectmedicaldata.org\\\/en\\\/#\\\/schema\\\/logo\\\/image\\\/\",\"url\":\"https:\\\/\\\/www.protectmedicaldata.org\\\/wp-content\\\/uploads\\\/2025\\\/08\\\/pmd_web_logo.png\",\"contentUrl\":\"https:\\\/\\\/www.protectmedicaldata.org\\\/wp-content\\\/uploads\\\/2025\\\/08\\\/pmd_web_logo.png\",\"width\":456,\"height\":277,\"caption\":\"protectmedicaldata\"},\"image\":{\"@id\":\"https:\\\/\\\/www.protectmedicaldata.org\\\/en\\\/#\\\/schema\\\/logo\\\/image\\\/\"}}]}<\/script>\n<!-- \/ Yoast SEO plugin. -->","yoast_head_json":{"title":"About - Protect Medical Data","robots":{"index":"index","follow":"follow","max-snippet":"max-snippet:-1","max-image-preview":"max-image-preview:large","max-video-preview":"max-video-preview:-1"},"canonical":"https:\/\/www.protectmedicaldata.org\/es\/about\/","og_locale":"es_ES","og_type":"article","og_title":"About - Protect Medical Data","og_description":"Who we are Acerca de ProtectMedicalData.org ProtectMedicalData.org es una iniciativa sin \u00e1nimo de lucro creada para proteger los valiosos datos m\u00e9dicos de la creciente amenaza global que suponen los ataques de ransomware y robo de datos dirigidos a las organizaciones sanitarias. Apoya espec\u00edficamente a los hospitales peque\u00f1os y medianos y a los proveedores de atenci\u00f3n [&hellip;]","og_url":"https:\/\/www.protectmedicaldata.org\/es\/about\/","og_site_name":"Protect Medical Data","article_modified_time":"2025-12-11T09:07:22+00:00","og_image":[{"width":456,"height":277,"url":"https:\/\/www.protectmedicaldata.org\/wp-content\/uploads\/2025\/08\/pmd_web_logo.png","type":"image\/png"}],"twitter_card":"summary_large_image","twitter_misc":{"Tiempo de lectura":"2 minutos"},"schema":{"@context":"https:\/\/schema.org","@graph":[{"@type":"WebPage","@id":"https:\/\/www.protectmedicaldata.org\/es\/about\/","url":"https:\/\/www.protectmedicaldata.org\/es\/about\/","name":"About - Protect Medical Data","isPartOf":{"@id":"https:\/\/www.protectmedicaldata.org\/en\/#website"},"primaryImageOfPage":{"@id":"https:\/\/www.protectmedicaldata.org\/es\/about\/#primaryimage"},"image":{"@id":"https:\/\/www.protectmedicaldata.org\/es\/about\/#primaryimage"},"thumbnailUrl":"https:\/\/www.protectmedicaldata.org\/wp-content\/uploads\/2025\/08\/pmd_web_logo-300x182.png","datePublished":"2025-08-17T15:33:58+00:00","dateModified":"2025-12-11T09:07:22+00:00","breadcrumb":{"@id":"https:\/\/www.protectmedicaldata.org\/es\/about\/#breadcrumb"},"inLanguage":"es","potentialAction":[{"@type":"ReadAction","target":["https:\/\/www.protectmedicaldata.org\/es\/about\/"]}]},{"@type":"ImageObject","inLanguage":"es","@id":"https:\/\/www.protectmedicaldata.org\/es\/about\/#primaryimage","url":"https:\/\/www.protectmedicaldata.org\/wp-content\/uploads\/2025\/08\/pmd_web_logo-300x182.png","contentUrl":"https:\/\/www.protectmedicaldata.org\/wp-content\/uploads\/2025\/08\/pmd_web_logo-300x182.png"},{"@type":"BreadcrumbList","@id":"https:\/\/www.protectmedicaldata.org\/es\/about\/#breadcrumb","itemListElement":[{"@type":"ListItem","position":1,"name":"\ud648","item":"https:\/\/www.protectmedicaldata.org\/es\/protecting-medical-data-is-protecting-lives\/"},{"@type":"ListItem","position":2,"name":"About"}]},{"@type":"WebSite","@id":"https:\/\/www.protectmedicaldata.org\/en\/#website","url":"https:\/\/www.protectmedicaldata.org\/en\/","name":"protectmedicaldata","description":"Protect medical data with Storage Protection","publisher":{"@id":"https:\/\/www.protectmedicaldata.org\/en\/#organization"},"potentialAction":[{"@type":"SearchAction","target":{"@type":"EntryPoint","urlTemplate":"https:\/\/www.protectmedicaldata.org\/en\/?s={search_term_string}"},"query-input":{"@type":"PropertyValueSpecification","valueRequired":true,"valueName":"search_term_string"}}],"inLanguage":"es"},{"@type":"Organization","@id":"https:\/\/www.protectmedicaldata.org\/en\/#organization","name":"protectmedicaldata","url":"https:\/\/www.protectmedicaldata.org\/en\/","logo":{"@type":"ImageObject","inLanguage":"es","@id":"https:\/\/www.protectmedicaldata.org\/en\/#\/schema\/logo\/image\/","url":"https:\/\/www.protectmedicaldata.org\/wp-content\/uploads\/2025\/08\/pmd_web_logo.png","contentUrl":"https:\/\/www.protectmedicaldata.org\/wp-content\/uploads\/2025\/08\/pmd_web_logo.png","width":456,"height":277,"caption":"protectmedicaldata"},"image":{"@id":"https:\/\/www.protectmedicaldata.org\/en\/#\/schema\/logo\/image\/"}}]}},"jetpack_sharing_enabled":true,"_links":{"self":[{"href":"https:\/\/www.protectmedicaldata.org\/es\/wp-json\/wp\/v2\/pages\/2982","targetHints":{"allow":["GET"]}}],"collection":[{"href":"https:\/\/www.protectmedicaldata.org\/es\/wp-json\/wp\/v2\/pages"}],"about":[{"href":"https:\/\/www.protectmedicaldata.org\/es\/wp-json\/wp\/v2\/types\/page"}],"author":[{"embeddable":true,"href":"https:\/\/www.protectmedicaldata.org\/es\/wp-json\/wp\/v2\/users\/4"}],"replies":[{"embeddable":true,"href":"https:\/\/www.protectmedicaldata.org\/es\/wp-json\/wp\/v2\/comments?post=2982"}],"version-history":[{"count":1,"href":"https:\/\/www.protectmedicaldata.org\/es\/wp-json\/wp\/v2\/pages\/2982\/revisions"}],"predecessor-version":[{"id":2984,"href":"https:\/\/www.protectmedicaldata.org\/es\/wp-json\/wp\/v2\/pages\/2982\/revisions\/2984"}],"wp:attachment":[{"href":"https:\/\/www.protectmedicaldata.org\/es\/wp-json\/wp\/v2\/media?parent=2982"}],"curies":[{"name":"wp","href":"https:\/\/api.w.org\/{rel}","templated":true}]}}